{"id":549,"date":"2019-07-17T11:10:01","date_gmt":"2019-07-17T11:10:01","guid":{"rendered":"https:\/\/www.fourlaw.es\/\/?page_id=549"},"modified":"2021-11-04T12:58:13","modified_gmt":"2021-11-04T12:58:13","slug":"blog","status":"publish","type":"page","link":"https:\/\/www.fourlaw.es\/en\/blog\/","title":{"rendered":"Blog"},"content":{"rendered":"<p>[et_pb_section fb_built=&#8221;1&#8243; make_equal=&#8221;on&#8221; specialty=&#8221;on&#8221; background_color_2=&#8221;#f3f1f2&#8243; padding_top_bottom_link_2=&#8221;false&#8221; padding_left_right_link_2=&#8221;false&#8221; padding_top_1=&#8221;15vw&#8221; padding_top_2=&#8221;0px&#8221; padding_left_2=&#8221;80px&#8221; padding_1_tablet=&#8221;80px||&#8221; padding_2_tablet=&#8221;|5vw||5vw||true&#8221; padding_1_phone=&#8221;&#8221; padding_2_phone=&#8221;&#8221; padding_1_last_edited=&#8221;on|desktop&#8221; padding_2_last_edited=&#8221;on|phone&#8221; admin_label=&#8221;Header&#8221; _builder_version=&#8221;4.1&#8243; background_color=&#8221;#f3f1f2&#8243; background_image=&#8221;https:\/\/www.fourlaw.es\/\/wp-content\/uploads\/2020\/01\/95A3312.jpg&#8221; inner_width=&#8221;100%&#8221; inner_max_width=&#8221;100%&#8221; custom_padding=&#8221;0|0|0|0px|false|false&#8221; border_width_all=&#8221;5vw&#8221; border_color_all=&#8221;#f3f1f2&#8243; use_custom_width=&#8221;on&#8221; width_unit=&#8221;off&#8221; custom_width_percent=&#8221;100%&#8221;][et_pb_column type=&#8221;1_2&#8243; specialty_columns=&#8221;2&#8243; _builder_version=&#8221;3.25&#8243; custom_padding=&#8221;|||&#8221; custom_padding__hover=&#8221;|||&#8221;][et_pb_row_inner padding_top_bottom_link_1=&#8221;false&#8221; _builder_version=&#8221;4.7.7&#8243; background_color=&#8221;#600c0c&#8221; max_width=&#8221;80%&#8221; max_width_tablet=&#8221;&#8221; max_width_phone=&#8221;&#8221; max_width_last_edited=&#8221;on|tablet&#8221; custom_padding=&#8221;50px|40px|50px|40px|true|true&#8221; border_width_all=&#8221;3vw&#8221; border_color_all=&#8221;#f3f1f2&#8243; border_width_left=&#8221;0px&#8221;][et_pb_column_inner saved_specialty_column_type=&#8221;1_2&#8243; _builder_version=&#8221;3.25&#8243; custom_padding=&#8221;|||&#8221; custom_padding__hover=&#8221;|||&#8221;][et_pb_divider color=&#8221;#ffffff&#8221; _builder_version=&#8221;3.24&#8243; transform_translate=&#8221;-80px|0px&#8221; max_width=&#8221;200px&#8221; height=&#8221;0px&#8221;][\/et_pb_divider][et_pb_text _builder_version=&#8221;4.7.7&#8243; text_font=&#8221;||||||||&#8221; text_text_color=&#8221;#ffffff&#8221; header_font=&#8221;||||||||&#8221; header_text_color=&#8221;#ffffff&#8221; header_font_size=&#8221;2vw&#8221; header_font_size_tablet=&#8221;&#8221; header_font_size_phone=&#8221;20px&#8221; header_font_size_last_edited=&#8221;on|phone&#8221; locked=&#8221;off&#8221;]<\/p>\n<h1>BLOG<\/h1>\n<p>[\/et_pb_text][et_pb_text _builder_version=&#8221;4.7.7&#8243; text_font=&#8221;||||||||&#8221; text_text_color=&#8221;#ffffff&#8221; locked=&#8221;off&#8221;][\/et_pb_text][\/et_pb_column_inner][\/et_pb_row_inner][et_pb_row_inner padding_top_bottom_link_1=&#8221;false&#8221; _builder_version=&#8221;3.25&#8243; max_width=&#8221;80%&#8221; max_width_tablet=&#8221;&#8221; max_width_phone=&#8221;&#8221; max_width_last_edited=&#8221;on|tablet&#8221; custom_padding=&#8221;0|0px|0|0px|true|false&#8221; locked=&#8221;off&#8221;][et_pb_column_inner saved_specialty_column_type=&#8221;1_2&#8243; _builder_version=&#8221;3.25&#8243; background_color=&#8221;#f3f1f2&#8243; custom_padding=&#8221;|||&#8221; custom_padding__hover=&#8221;|||&#8221;][et_pb_button button_text=&#8221;Suscr\u00edbete&#8221; button_alignment=&#8221;right&#8221; _builder_version=&#8221;4.7.7&#8243; custom_button=&#8221;on&#8221; button_text_color=&#8221;#ffffff&#8221; button_bg_color=&#8221;#600c0c&#8221; button_font=&#8221;||||||||&#8221; transform_scale_tablet=&#8221;&#8221; transform_scale_phone=&#8221;&#8221; transform_scale_last_edited=&#8221;on|tablet&#8221; transform_translate=&#8221;100%|0px&#8221; transform_translate_tablet=&#8221;0%|0px&#8221; transform_translate_phone=&#8221;&#8221; transform_translate_last_edited=&#8221;on|desktop&#8221; transform_rotate_tablet=&#8221;&#8221; transform_rotate_phone=&#8221;&#8221; transform_rotate_last_edited=&#8221;on|desktop&#8221; transform_skew_tablet=&#8221;&#8221; transform_skew_phone=&#8221;&#8221; transform_skew_last_edited=&#8221;on|desktop&#8221; transform_origin_tablet=&#8221;&#8221; transform_origin_phone=&#8221;&#8221; transform_origin_last_edited=&#8221;on|desktop&#8221; transform_styles_last_edited=&#8221;on|tablet&#8221; custom_padding=&#8221;24px|24px|24px|24px|true|true&#8221; transform_styles_tablet=&#8221;&#8221; transform_styles_phone=&#8221;&#8221; locked=&#8221;off&#8221;][\/et_pb_button][\/et_pb_column_inner][\/et_pb_row_inner][\/et_pb_column][et_pb_column type=&#8221;1_2&#8243; _builder_version=&#8221;3.25&#8243; custom_padding=&#8221;|||&#8221; custom_padding__hover=&#8221;|||&#8221;][et_pb_post_slider posts_number=&#8221;1&#8243; include_categories=&#8221;all&#8221; show_image=&#8221;off&#8221; use_bg_overlay=&#8221;off&#8221; use_text_overlay=&#8221;off&#8221; _builder_version=&#8221;4.7.7&#8243; header_font=&#8221;|700|||||||&#8221; header_text_align=&#8221;left&#8221; body_font=&#8221;||||||||&#8221; body_text_align=&#8221;left&#8221; meta_font=&#8221;Raleway|700||on|||||&#8221; meta_text_color=&#8221;#ffffff&#8221; meta_letter_spacing=&#8221;1.5px&#8221; meta_line_height=&#8221;2em&#8221; background_color=&#8221;rgba(96,12,12,0)&#8221; use_background_color_gradient=&#8221;on&#8221; background_color_gradient_start=&#8221;rgba(96,12,12,0.96)&#8221; background_color_gradient_end=&#8221;rgba(96,12,12,0.96)&#8221; background_color_gradient_overlays_image=&#8221;on&#8221; background_image=&#8221;https:\/\/images.pexels.com\/photos\/227675\/pexels-photo-227675.jpeg?auto=compress&#038;cs=tinysrgb&#038;dpr=2&#038;h=750&#038;w=1260&#8243; custom_button=&#8221;on&#8221; button_text_size=&#8221;14px&#8221; button_text_color=&#8221;#ffffff&#8221; button_bg_color=&#8221;rgba(0,0,0,0)&#8221; button_border_width=&#8221;1px&#8221; button_border_color=&#8221;rgba(233,217,193,0.24)&#8221; button_border_radius=&#8221;0px&#8221; button_letter_spacing=&#8221;1px&#8221; button_font=&#8221;Work Sans|600|||||||&#8221; button_use_icon=&#8221;off&#8221; button_alignment=&#8221;left&#8221; custom_padding=&#8221;10vw||10vw||false&#8221; locked=&#8221;off&#8221;][\/et_pb_post_slider][\/et_pb_column][\/et_pb_section][et_pb_section fb_built=&#8221;1&#8243; admin_label=&#8221;Subscribe&#8221; _builder_version=&#8221;3.22.3&#8243; background_color=&#8221;#f3f1f2&#8243; background_image=&#8221;https:\/\/www.fourlaw.es\/\/wp-content\/uploads\/2019\/07\/cirlcle-pattern-tile2.png&#8221; background_size=&#8221;initial&#8221; background_position=&#8221;top_left&#8221; background_repeat=&#8221;repeat&#8221; custom_padding=&#8221;0|0px|45px|0px|false|false&#8221; box_shadow_style=&#8221;preset6&#8243; box_shadow_blur=&#8221;0px&#8221; box_shadow_spread=&#8221;88px&#8221; box_shadow_color=&#8221;#f3f1f2&#8243; locked=&#8221;off&#8221;][et_pb_row column_structure=&#8221;2_3,1_3&#8243; _builder_version=&#8221;3.25&#8243; background_color=&#8221;#f3f1f2&#8243; border_width_all=&#8221;1px&#8221; border_color_all=&#8221;rgba(49,53,64,0.2)&#8221; use_custom_width=&#8221;on&#8221; custom_width_px=&#8221;600px&#8221; locked=&#8221;off&#8221;][et_pb_column type=&#8221;2_3&#8243; _builder_version=&#8221;3.25&#8243; custom_padding=&#8221;|||&#8221; custom_padding__hover=&#8221;|||&#8221;][et_pb_blog _builder_version=&#8221;4.9.4&#8243; _module_preset=&#8221;default&#8221; posts_number=&#8221;4&#8243; fullwidth=&#8221;off&#8221; width=&#8221;100%&#8221; custom_margin=&#8221;|0px||0px|false|false&#8221; custom_padding=&#8221;|60px||60px|false|true&#8221; offset_number=&#8221;1&#8243; header_font_size=&#8221;16px&#8221; body_font_size=&#8221;14px&#8221; meta_font_size=&#8221;10px&#8221; hover_enabled=&#8221;0&#8243; sticky_enabled=&#8221;0&#8243; pagination_font=&#8221;|700|||||||&#8221; pagination_font_size=&#8221;20px&#8221;][\/et_pb_blog][\/et_pb_column][et_pb_column type=&#8221;1_3&#8243; _builder_version=&#8221;3.25&#8243; custom_padding=&#8221;|||&#8221; custom_padding__hover=&#8221;|||&#8221;][et_pb_signup mailchimp_list=&#8221;elegantthemestest|26e9af0331&#8243; layout=&#8221;top_bottom&#8221; title=&#8221;Suscribirse &#8221; description=&#8221;<\/p>\n<p>Recibe mensualmente nuestros boletines con los mejores contenidos<\/p>\n<\/p>\n<p>&#8221; _builder_version=&#8221;4.7.7&#8243; body_font=&#8221;Hero|100|||||||&#8221; body_line_height=&#8221;2em&#8221; form_field_font=&#8221;Work Sans|600||on|||||&#8221; form_field_font_size=&#8221;12px&#8221; form_field_letter_spacing=&#8221;1.5px&#8221; custom_button=&#8221;on&#8221; button_text_size=&#8221;14px&#8221; button_text_color=&#8221;#ffffff&#8221; button_bg_color=&#8221;rgba(0,0,0,0)&#8221; button_border_width=&#8221;11px&#8221; button_border_color=&#8221;rgba(0,0,0,0)&#8221; button_border_radius=&#8221;0px&#8221; button_letter_spacing=&#8221;1px&#8221; button_font=&#8221;Work Sans|600|||||||&#8221; button_use_icon=&#8221;off&#8221; custom_padding=&#8221;50px|40px|50px|40px|true|true&#8221; custom_padding_tablet=&#8221;&#8221; custom_padding_phone=&#8221;|20px||20px||true&#8221; custom_padding_last_edited=&#8221;on|phone&#8221; custom_css_newsletter_form=&#8221;padding: 0 !important;&#8221; border_radii_fields=&#8221;on|0px|0px|0px|0px&#8221; box_shadow_style_button=&#8221;preset1&#8243; box_shadow_vertical_button=&#8221;0px&#8221; box_shadow_blur_button=&#8221;0px&#8221; box_shadow_spread_button=&#8221;1px&#8221; box_shadow_color_button=&#8221;rgba(233,217,193,0.24)&#8221;][\/et_pb_signup][\/et_pb_column][\/et_pb_row][\/et_pb_section][et_pb_section fb_built=&#8221;1&#8243; _builder_version=&#8221;4.7.7&#8243; use_background_color_gradient=&#8221;on&#8221; background_color_gradient_start=&#8221;rgba(0,0,0,0.92)&#8221; background_color_gradient_end=&#8221;rgba(0,0,0,0.96)&#8221; background_color_gradient_overlays_image=&#8221;on&#8221; background_image=&#8221;https:\/\/www.fourlaw.es\/\/wp-content\/uploads\/2020\/01\/95A3222.jpg&#8221; min_height=&#8221;492px&#8221; custom_margin=&#8221;0px||||false|false&#8221; custom_padding=&#8221;90px||120px||false|&#8221; animation_style=&#8221;fade&#8221; animation_direction=&#8221;top&#8221; global_module=&#8221;76&#8243; saved_tabs=&#8221;all&#8221;][et_pb_row column_structure=&#8221;1_3,1_3,1_3&#8243; _builder_version=&#8221;4.1&#8243; custom_padding=&#8221;0px||0px|||&#8221;][et_pb_column type=&#8221;1_3&#8243; _builder_version=&#8221;3.25&#8243;][et_pb_image src=&#8221;https:\/\/www.fourlaw.es\/\/wp-content\/uploads\/2019\/06\/FOURLAW-LOGO-white.png&#8221; _builder_version=&#8221;4.3.2&#8243; width=&#8221;85%&#8221; custom_margin=&#8221;||4px|||&#8221; custom_padding=&#8221;0px|||||&#8221;][\/et_pb_image][et_pb_text _builder_version=&#8221;4.7.7&#8243; text_text_color=&#8221;#ffffff&#8221; custom_padding=&#8221;1px|||||&#8221;]<\/p>\n<p><span style=\"font-weight: 400;\">Nos gustan los retos, as\u00ed que despu\u00e9s de a\u00f1os de ejercicio en grandes firmas, decidimos crear un equipo multidisciplinar, que combine la excelencia t\u00e9cnica con el asesoramiento pr\u00e1ctico y efectivo.<\/span><\/p>\n<p><span style=\"font-weight: 400;\">Derecho mercantil, propiedad intelectual y nuevas tecnolog\u00edas, fiscal, litigaci\u00f3n y concursal.<\/span><\/p>\n<p>[\/et_pb_text][\/et_pb_column][et_pb_column type=&#8221;1_3&#8243; _builder_version=&#8221;3.25&#8243;][et_pb_blurb url=&#8221;https:\/\/goo.gl\/maps\/1VPSQuCRTMoJs5DA9&#8243; use_icon=&#8221;on&#8221; font_icon=&#8221;%%122%%&#8221; icon_color=&#8221;#9c1b1f&#8221; icon_placement=&#8221;left&#8221; _builder_version=&#8221;4.7.7&#8243; header_text_color=&#8221;#ffffff&#8221; body_text_color=&#8221;#ffffff&#8221; custom_margin=&#8221;||-4px|||&#8221; custom_padding=&#8221;32px|||||&#8221;]<\/p>\n<p><strong>Madrid<\/strong><span>\u00a0\u00b7 Calle de Alcal\u00e1 93 (esquina Vel\u00e1zquez) 3\u00ba F, 28009 Madrid \u00b7\u00a0<\/span><strong><span style=\"color: #ffffff;\"><a href=\"https:\/\/goo.gl\/maps\/ALkqLmSEio6BGDqZ9\" style=\"color: #ffffff;\">Ver en mapa<\/a><\/span><\/strong><\/p>\n<p>[\/et_pb_blurb][et_pb_blurb title=&#8221;+34 912 75 55 00&#8243; url=&#8221;tel:+34912755500&#8243; use_icon=&#8221;on&#8221; font_icon=&#8221;%%264%%&#8221; icon_color=&#8221;#9c1b1f&#8221; icon_placement=&#8221;left&#8221; _builder_version=&#8221;4.7.7&#8243; header_text_color=&#8221;#ffffff&#8221; body_text_color=&#8221;#ffffff&#8221; custom_margin=&#8221;||-3px|||&#8221; custom_padding=&#8221;32px|||||&#8221;][\/et_pb_blurb][et_pb_blurb title=&#8221;info@fourlaw.es&#8221; url=&#8221;mailto:info@fourlaw.es&#8221; use_icon=&#8221;on&#8221; font_icon=&#8221;%%376%%&#8221; icon_color=&#8221;#9c1b1f&#8221; icon_placement=&#8221;left&#8221; _builder_version=&#8221;4.7.7&#8243; header_text_color=&#8221;#ffffff&#8221; body_text_color=&#8221;#ffffff&#8221; custom_margin=&#8221;-5px|||||&#8221; custom_padding=&#8221;32px|||||&#8221;][\/et_pb_blurb][et_pb_text _builder_version=&#8221;4.7.7&#8243; link_option_url=&#8221;https:\/\/www.fourlaw.es\/politica-de-privacidad&#8221;]<\/p>\n<p><span style=\"color: #ffffff;\">Copyright \u00a9 2021 \u00b7 FOURLAW ABOGADOS<\/span><\/p>\n<p><strong><span style=\"color: #ffffff;\"><a href=\"https:\/\/www.fourlaw.es\/aviso-legal\" style=\"color: #ffffff;\">Aviso Legal<\/a> \u00b7 <a href=\"https:\/\/www.fourlaw.es\/politica-de-privacidad-cookies\" style=\"color: #ffffff;\">Pol\u00edtica de privacidad y cookies<\/a><\/span><\/strong><\/p>\n<p>[\/et_pb_text][\/et_pb_column][et_pb_column type=&#8221;1_3&#8243; _builder_version=&#8221;3.25&#8243;][et_pb_code _builder_version=&#8221;3.24&#8243; custom_padding=&#8221;36px|||||&#8221;]<iframe data-src=\"https:\/\/www.google.com\/maps\/embed?pb=!1m18!1m12!1m3!1d3037.449951641733!2d-3.687004283936422!3d40.42103456330035!2m3!1f0!2f0!3f0!3m2!1i1024!2i768!4f13.1!3m3!1m2!1s0xd42288d85c11589%3A0x8b993b1f0ee4e4ff!2sFourlaw+Abogados!5e0!3m2!1ses!2ses!4v1562675320052!5m2!1ses!2ses\" width=\"400\" height=\"200\" frameborder=\"0\" style=\"border:0\" allowfullscreen src=\"data:image\/svg+xml;base64,PHN2ZyB3aWR0aD0iMSIgaGVpZ2h0PSIxIiB4bWxucz0iaHR0cDovL3d3dy53My5vcmcvMjAwMC9zdmciPjwvc3ZnPg==\" class=\"lazyload\" data-load-mode=\"1\"><\/iframe>[\/et_pb_code][et_pb_social_media_follow icon_color=&#8221;#ffffff&#8221; use_icon_font_size=&#8221;on&#8221; icon_font_size=&#8221;22px&#8221; _builder_version=&#8221;4.3.2&#8243; text_orientation=&#8221;left&#8221; width=&#8221;100%&#8221; max_width=&#8221;100%&#8221; custom_margin=&#8221;-30px|||0px||&#8221; custom_padding=&#8221;16px|10px|0px|||&#8221;][et_pb_social_media_follow_network social_network=&#8221;linkedin&#8221; url=&#8221;https:\/\/www.linkedin.com\/company\/fourlaw-abogados\/&#8221; _builder_version=&#8221;4.1&#8243; background_color=&#8221;#9c1b1f&#8221; border_radii=&#8221;on|35px|35px|35px|35px&#8221; follow_button=&#8221;off&#8221; url_new_window=&#8221;on&#8221;]linkedin[\/et_pb_social_media_follow_network][\/et_pb_social_media_follow][\/et_pb_column][\/et_pb_row][\/et_pb_section]<\/p>\n","protected":false},"excerpt":{"rendered":"<p>BLOGNos gustan los retos, as\u00ed que despu\u00e9s de a\u00f1os de ejercicio en grandes firmas, decidimos crear un equipo multidisciplinar, que combine la excelencia t\u00e9cnica con el asesoramiento pr\u00e1ctico y efectivo. Derecho mercantil, propiedad intelectual y nuevas tecnolog\u00edas, fiscal, litigaci\u00f3n y concursal.Madrid\u00a0\u00b7 Calle de Alcal\u00e1 93 (esquina Vel\u00e1zquez) 3\u00ba F, 28009 Madrid \u00b7\u00a0Ver en mapaCopyright \u00a9 [&hellip;]<\/p>\n","protected":false},"author":7,"featured_media":0,"parent":0,"menu_order":0,"comment_status":"closed","ping_status":"closed","template":"","meta":{"_et_pb_use_builder":"on","_et_pb_old_content":"","_et_gb_content_width":"","footnotes":""},"class_list":["post-549","page","type-page","status-publish","hentry"],"yoast_head":"<!-- This site is optimized with the Yoast SEO plugin v27.5 - https:\/\/yoast.com\/product\/yoast-seo-wordpress\/ -->\n<title>Blog - Four Law Abogados<\/title>\n<meta name=\"robots\" content=\"index, follow, max-snippet:-1, max-image-preview:large, max-video-preview:-1\" \/>\n<link rel=\"canonical\" href=\"https:\/\/www.fourlaw.es\/en\/blog\/\" \/>\n<meta property=\"og:locale\" content=\"en_US\" \/>\n<meta property=\"og:type\" content=\"article\" \/>\n<meta property=\"og:title\" content=\"Blog - Four Law Abogados\" \/>\n<meta property=\"og:description\" content=\"BLOGNos gustan los retos, as\u00ed que despu\u00e9s de a\u00f1os de ejercicio en grandes firmas, decidimos crear un equipo multidisciplinar, que combine la excelencia t\u00e9cnica con el asesoramiento pr\u00e1ctico y efectivo. Derecho mercantil, propiedad intelectual y nuevas tecnolog\u00edas, fiscal, litigaci\u00f3n y concursal.Madrid\u00a0\u00b7 Calle de Alcal\u00e1 93 (esquina Vel\u00e1zquez) 3\u00ba F, 28009 Madrid \u00b7\u00a0Ver en mapaCopyright \u00a9 [&hellip;]\" \/>\n<meta property=\"og:url\" content=\"https:\/\/www.fourlaw.es\/blog\/\" \/>\n<meta property=\"og:site_name\" content=\"Four Law Abogados\" \/>\n<meta property=\"article:modified_time\" content=\"2021-11-04T12:58:13+00:00\" \/>\n<meta name=\"twitter:card\" content=\"summary_large_image\" \/>\n<meta name=\"twitter:label1\" content=\"Est. reading time\" \/>\n\t<meta name=\"twitter:data1\" content=\"7 minutes\" \/>\n<script type=\"application\/ld+json\" class=\"yoast-schema-graph\">{\"@context\":\"https:\\\/\\\/schema.org\",\"@graph\":[{\"@type\":\"WebPage\",\"@id\":\"https:\\\/\\\/www.fourlaw.es\\\/blog\\\/\",\"url\":\"https:\\\/\\\/www.fourlaw.es\\\/blog\\\/\",\"name\":\"Blog - Four Law Abogados\",\"isPartOf\":{\"@id\":\"https:\\\/\\\/www.fourlaw.es\\\/#website\"},\"datePublished\":\"2019-07-17T11:10:01+00:00\",\"dateModified\":\"2021-11-04T12:58:13+00:00\",\"breadcrumb\":{\"@id\":\"https:\\\/\\\/www.fourlaw.es\\\/blog\\\/#breadcrumb\"},\"inLanguage\":\"en-US\",\"potentialAction\":[{\"@type\":\"ReadAction\",\"target\":[\"https:\\\/\\\/www.fourlaw.es\\\/blog\\\/\"]}]},{\"@type\":\"BreadcrumbList\",\"@id\":\"https:\\\/\\\/www.fourlaw.es\\\/blog\\\/#breadcrumb\",\"itemListElement\":[{\"@type\":\"ListItem\",\"position\":1,\"name\":\"Portada\",\"item\":\"https:\\\/\\\/www.fourlaw.es\\\/en\\\/\"},{\"@type\":\"ListItem\",\"position\":2,\"name\":\"Blog\"}]},{\"@type\":\"WebSite\",\"@id\":\"https:\\\/\\\/www.fourlaw.es\\\/#website\",\"url\":\"https:\\\/\\\/www.fourlaw.es\\\/\",\"name\":\"Four Law Abogados\",\"description\":\"Dise&ntilde;amos tu futuro \",\"publisher\":{\"@id\":\"https:\\\/\\\/www.fourlaw.es\\\/#organization\"},\"potentialAction\":[{\"@type\":\"SearchAction\",\"target\":{\"@type\":\"EntryPoint\",\"urlTemplate\":\"https:\\\/\\\/www.fourlaw.es\\\/?s={search_term_string}\"},\"query-input\":{\"@type\":\"PropertyValueSpecification\",\"valueRequired\":true,\"valueName\":\"search_term_string\"}}],\"inLanguage\":\"en-US\"},{\"@type\":\"Organization\",\"@id\":\"https:\\\/\\\/www.fourlaw.es\\\/#organization\",\"name\":\"Four Law Abogados\",\"url\":\"https:\\\/\\\/www.fourlaw.es\\\/\",\"logo\":{\"@type\":\"ImageObject\",\"inLanguage\":\"en-US\",\"@id\":\"https:\\\/\\\/www.fourlaw.es\\\/#\\\/schema\\\/logo\\\/image\\\/\",\"url\":\"https:\\\/\\\/www.fourlaw.es\\\/wp-content\\\/uploads\\\/2019\\\/06\\\/FOURLAW-LOGO-four.png\",\"contentUrl\":\"https:\\\/\\\/www.fourlaw.es\\\/wp-content\\\/uploads\\\/2019\\\/06\\\/FOURLAW-LOGO-four.png\",\"width\":190,\"height\":306,\"caption\":\"Four Law Abogados\"},\"image\":{\"@id\":\"https:\\\/\\\/www.fourlaw.es\\\/#\\\/schema\\\/logo\\\/image\\\/\"}}]}<\/script>\n<!-- \/ Yoast SEO plugin. -->","yoast_head_json":{"title":"Blog - Four Law Abogados","robots":{"index":"index","follow":"follow","max-snippet":"max-snippet:-1","max-image-preview":"max-image-preview:large","max-video-preview":"max-video-preview:-1"},"canonical":"https:\/\/www.fourlaw.es\/en\/blog\/","og_locale":"en_US","og_type":"article","og_title":"Blog - Four Law Abogados","og_description":"BLOGNos gustan los retos, as\u00ed que despu\u00e9s de a\u00f1os de ejercicio en grandes firmas, decidimos crear un equipo multidisciplinar, que combine la excelencia t\u00e9cnica con el asesoramiento pr\u00e1ctico y efectivo. Derecho mercantil, propiedad intelectual y nuevas tecnolog\u00edas, fiscal, litigaci\u00f3n y concursal.Madrid\u00a0\u00b7 Calle de Alcal\u00e1 93 (esquina Vel\u00e1zquez) 3\u00ba F, 28009 Madrid \u00b7\u00a0Ver en mapaCopyright \u00a9 [&hellip;]","og_url":"https:\/\/www.fourlaw.es\/blog\/","og_site_name":"Four Law Abogados","article_modified_time":"2021-11-04T12:58:13+00:00","twitter_card":"summary_large_image","twitter_misc":{"Est. reading time":"7 minutes"},"schema":{"@context":"https:\/\/schema.org","@graph":[{"@type":"WebPage","@id":"https:\/\/www.fourlaw.es\/blog\/","url":"https:\/\/www.fourlaw.es\/blog\/","name":"Blog - Four Law Abogados","isPartOf":{"@id":"https:\/\/www.fourlaw.es\/#website"},"datePublished":"2019-07-17T11:10:01+00:00","dateModified":"2021-11-04T12:58:13+00:00","breadcrumb":{"@id":"https:\/\/www.fourlaw.es\/blog\/#breadcrumb"},"inLanguage":"en-US","potentialAction":[{"@type":"ReadAction","target":["https:\/\/www.fourlaw.es\/blog\/"]}]},{"@type":"BreadcrumbList","@id":"https:\/\/www.fourlaw.es\/blog\/#breadcrumb","itemListElement":[{"@type":"ListItem","position":1,"name":"Portada","item":"https:\/\/www.fourlaw.es\/en\/"},{"@type":"ListItem","position":2,"name":"Blog"}]},{"@type":"WebSite","@id":"https:\/\/www.fourlaw.es\/#website","url":"https:\/\/www.fourlaw.es\/","name":"Four Law Abogados","description":"Dise&ntilde;amos tu futuro ","publisher":{"@id":"https:\/\/www.fourlaw.es\/#organization"},"potentialAction":[{"@type":"SearchAction","target":{"@type":"EntryPoint","urlTemplate":"https:\/\/www.fourlaw.es\/?s={search_term_string}"},"query-input":{"@type":"PropertyValueSpecification","valueRequired":true,"valueName":"search_term_string"}}],"inLanguage":"en-US"},{"@type":"Organization","@id":"https:\/\/www.fourlaw.es\/#organization","name":"Four Law Abogados","url":"https:\/\/www.fourlaw.es\/","logo":{"@type":"ImageObject","inLanguage":"en-US","@id":"https:\/\/www.fourlaw.es\/#\/schema\/logo\/image\/","url":"https:\/\/www.fourlaw.es\/wp-content\/uploads\/2019\/06\/FOURLAW-LOGO-four.png","contentUrl":"https:\/\/www.fourlaw.es\/wp-content\/uploads\/2019\/06\/FOURLAW-LOGO-four.png","width":190,"height":306,"caption":"Four Law Abogados"},"image":{"@id":"https:\/\/www.fourlaw.es\/#\/schema\/logo\/image\/"}}]}},"_links":{"self":[{"href":"https:\/\/www.fourlaw.es\/en\/wp-json\/wp\/v2\/pages\/549","targetHints":{"allow":["GET"]}}],"collection":[{"href":"https:\/\/www.fourlaw.es\/en\/wp-json\/wp\/v2\/pages"}],"about":[{"href":"https:\/\/www.fourlaw.es\/en\/wp-json\/wp\/v2\/types\/page"}],"author":[{"embeddable":true,"href":"https:\/\/www.fourlaw.es\/en\/wp-json\/wp\/v2\/users\/7"}],"replies":[{"embeddable":true,"href":"https:\/\/www.fourlaw.es\/en\/wp-json\/wp\/v2\/comments?post=549"}],"version-history":[{"count":3,"href":"https:\/\/www.fourlaw.es\/en\/wp-json\/wp\/v2\/pages\/549\/revisions"}],"predecessor-version":[{"id":2501,"href":"https:\/\/www.fourlaw.es\/en\/wp-json\/wp\/v2\/pages\/549\/revisions\/2501"}],"wp:attachment":[{"href":"https:\/\/www.fourlaw.es\/en\/wp-json\/wp\/v2\/media?parent=549"}],"curies":[{"name":"wp","href":"https:\/\/api.w.org\/{rel}","templated":true}]}}